{"id":80,"date":"2021-08-17T10:07:31","date_gmt":"2021-08-17T08:07:31","guid":{"rendered":"http:\/\/www.illiumdesign.hu\/wp\/?page_id=80"},"modified":"2021-10-13T21:24:12","modified_gmt":"2021-10-13T19:24:12","slug":"munkatarsak","status":"publish","type":"page","link":"https:\/\/illiumdesign.hu\/?page_id=80","title":{"rendered":"Munkat\u00e1rsak"},"content":{"rendered":"\n<div class=\"wp-block-columns\">\n<div class=\"wp-block-column\"><\/div>\n<\/div>\n\n\n\n<div class=\"wp-block-columns\">\n<div class=\"wp-block-column\">\n<figure class=\"wp-block-image size-large is-resized\"><img loading=\"lazy\" src=\"http:\/\/www.illiumdesign.hu\/wp\/wp-content\/uploads\/2021\/10\/edi-1-1024x939.jpg\" alt=\"\" class=\"wp-image-664\" width=\"251\" height=\"230\" srcset=\"https:\/\/www.illiumdesign.hu\/wp-content\/uploads\/2021\/10\/edi-1-1024x939.jpg 1024w, https:\/\/www.illiumdesign.hu\/wp-content\/uploads\/2021\/10\/edi-1-300x275.jpg 300w, https:\/\/www.illiumdesign.hu\/wp-content\/uploads\/2021\/10\/edi-1-768x704.jpg 768w, https:\/\/www.illiumdesign.hu\/wp-content\/uploads\/2021\/10\/edi-1-1536x1408.jpg 1536w, https:\/\/www.illiumdesign.hu\/wp-content\/uploads\/2021\/10\/edi-1-2048x1877.jpg 2048w\" sizes=\"(max-width: 251px) 100vw, 251px\" \/><\/figure>\n\n\n\n<p class=\"has-text-align-center\" style=\"font-size:20px\">\u00c9kes Edina<\/p>\n\n\n\n<p class=\"has-text-align-center\">alap\u00edt\u00f3, bels\u0151\u00e9p\u00edt\u00e9sz tervez\u0151<\/p>\n<\/div>\n\n\n\n<div class=\"wp-block-column\">\n<figure class=\"wp-block-image size-full is-resized\"><img loading=\"lazy\" src=\"http:\/\/www.illiumdesign.hu\/wp\/wp-content\/uploads\/2021\/10\/bea.jpg\" alt=\"\" class=\"wp-image-657\" width=\"251\" height=\"230\" srcset=\"https:\/\/www.illiumdesign.hu\/wp-content\/uploads\/2021\/10\/bea.jpg 512w, https:\/\/www.illiumdesign.hu\/wp-content\/uploads\/2021\/10\/bea-300x275.jpg 300w\" sizes=\"(max-width: 251px) 100vw, 251px\" \/><\/figure>\n\n\n\n<p class=\"has-text-align-center\" style=\"font-size:22px\">Uzonyi Beatrix<\/p>\n\n\n\n<p class=\"has-text-align-center\">l\u00e1tv\u00e1nytervez\u0151<\/p>\n<\/div>\n\n\n\n<div class=\"wp-block-column\">\n<figure class=\"wp-block-image size-full is-resized\"><img loading=\"lazy\" src=\"http:\/\/www.illiumdesign.hu\/wp\/wp-content\/uploads\/2021\/10\/anna-1.jpg\" alt=\"\" class=\"wp-image-660\" width=\"251\" height=\"230\"\/><\/figure>\n\n\n\n<p class=\"has-text-align-center\" style=\"font-size:20px\">Ottlik Anna L\u00e9na<\/p>\n\n\n\n<p class=\"has-text-align-center\">tervez\u0151 munkat\u00e1rs<\/p>\n<\/div>\n<\/div>\n\n\n\n<p class=\"has-text-align-left\"><br><\/p>\n","protected":false},"excerpt":{"rendered":"<p>\u00c9kes Edina alap\u00edt\u00f3, bels\u0151\u00e9p\u00edt\u00e9sz tervez\u0151 Uzonyi Beatrix l\u00e1tv\u00e1nytervez\u0151 Ottlik Anna L\u00e9na tervez\u0151 munkat\u00e1rs<\/p>\n","protected":false},"author":1,"featured_media":0,"parent":0,"menu_order":0,"comment_status":"closed","ping_status":"closed","template":"","meta":{"ngg_post_thumbnail":0},"_links":{"self":[{"href":"https:\/\/illiumdesign.hu\/index.php?rest_route=\/wp\/v2\/pages\/80"}],"collection":[{"href":"https:\/\/illiumdesign.hu\/index.php?rest_route=\/wp\/v2\/pages"}],"about":[{"href":"https:\/\/illiumdesign.hu\/index.php?rest_route=\/wp\/v2\/types\/page"}],"author":[{"embeddable":true,"href":"https:\/\/illiumdesign.hu\/index.php?rest_route=\/wp\/v2\/users\/1"}],"replies":[{"embeddable":true,"href":"https:\/\/illiumdesign.hu\/index.php?rest_route=%2Fwp%2Fv2%2Fcomments&post=80"}],"version-history":[{"count":10,"href":"https:\/\/illiumdesign.hu\/index.php?rest_route=\/wp\/v2\/pages\/80\/revisions"}],"predecessor-version":[{"id":667,"href":"https:\/\/illiumdesign.hu\/index.php?rest_route=\/wp\/v2\/pages\/80\/revisions\/667"}],"wp:attachment":[{"href":"https:\/\/illiumdesign.hu\/index.php?rest_route=%2Fwp%2Fv2%2Fmedia&parent=80"}],"curies":[{"name":"wp","href":"https:\/\/api.w.org\/{rel}","templated":true}]}}