{"id":78,"date":"2021-08-17T10:07:15","date_gmt":"2021-08-17T08:07:15","guid":{"rendered":"http:\/\/www.illiumdesign.hu\/wp\/?page_id=78"},"modified":"2021-10-13T21:30:44","modified_gmt":"2021-10-13T19:30:44","slug":"szolgaltatasok","status":"publish","type":"page","link":"https:\/\/illiumdesign.hu\/?page_id=78","title":{"rendered":"Szolg\u00e1ltat\u00e1sok"},"content":{"rendered":"\n<p>Bels\u0151\u00e9p\u00edt\u00e9szeti tervez\u00e9s &#8211; aj\u00e1nlati-, kiviteli \u00e9s l\u00e1tv\u00e1nytervek<br>Bels\u0151\u00e9p\u00edt\u00e9szeti tervez\u00e9s \u00e9s a projekt kivitelez\u00e9s\u00e9nek lebonyol\u00edt\u00e1sa<br>Koncepci\u00f3terv<br>Helysz\u00edni tan\u00e1csad\u00e1s \u00e9s konzult\u00e1ci\u00f3<br>Helysz\u00edni konzult\u00e1ci\u00f3 ingatlan elad\u00e1s el\u0151tt<\/p>\n\n\n\n<div class=\"wp-block-columns\">\n<div class=\"wp-block-column\"><\/div>\n\n\n\n<div class=\"wp-block-column\"><\/div>\n<\/div>\n\n\n\n<div class=\"wp-block-columns\">\n<div class=\"wp-block-column\">\n<figure class=\"wp-block-image size-full is-style-default\"><img loading=\"lazy\" width=\"285\" height=\"285\" src=\"http:\/\/www.illiumdesign.hu\/wp\/wp-content\/uploads\/2021\/10\/sz1.jpg\" alt=\"\" class=\"wp-image-669\" srcset=\"https:\/\/www.illiumdesign.hu\/wp-content\/uploads\/2021\/10\/sz1.jpg 285w, https:\/\/www.illiumdesign.hu\/wp-content\/uploads\/2021\/10\/sz1-150x150.jpg 150w\" sizes=\"(max-width: 285px) 100vw, 285px\" \/><\/figure>\n<\/div>\n\n\n\n<div class=\"wp-block-column\">\n<figure class=\"wp-block-image size-full\"><img loading=\"lazy\" width=\"285\" height=\"285\" src=\"http:\/\/www.illiumdesign.hu\/wp\/wp-content\/uploads\/2021\/10\/sz2.jpg\" alt=\"\" class=\"wp-image-670\" srcset=\"https:\/\/www.illiumdesign.hu\/wp-content\/uploads\/2021\/10\/sz2.jpg 285w, https:\/\/www.illiumdesign.hu\/wp-content\/uploads\/2021\/10\/sz2-150x150.jpg 150w\" sizes=\"(max-width: 285px) 100vw, 285px\" \/><\/figure>\n<\/div>\n\n\n\n<div class=\"wp-block-column\">\n<figure class=\"wp-block-image size-full\"><img loading=\"lazy\" width=\"285\" height=\"285\" src=\"http:\/\/www.illiumdesign.hu\/wp\/wp-content\/uploads\/2021\/10\/sz3.jpg\" alt=\"\" class=\"wp-image-671\" srcset=\"https:\/\/www.illiumdesign.hu\/wp-content\/uploads\/2021\/10\/sz3.jpg 285w, https:\/\/www.illiumdesign.hu\/wp-content\/uploads\/2021\/10\/sz3-150x150.jpg 150w\" sizes=\"(max-width: 285px) 100vw, 285px\" \/><\/figure>\n<\/div>\n<\/div>\n\n\n\n<div class=\"wp-block-columns\">\n<div class=\"wp-block-column\"><\/div>\n\n\n\n<div class=\"wp-block-column\"><\/div>\n<\/div>\n","protected":false},"excerpt":{"rendered":"<p>Bels\u0151\u00e9p\u00edt\u00e9szeti tervez\u00e9s &#8211; aj\u00e1nlati-, kiviteli \u00e9s l\u00e1tv\u00e1nytervekBels\u0151\u00e9p\u00edt\u00e9szeti tervez\u00e9s \u00e9s a projekt kivitelez\u00e9s\u00e9nek lebonyol\u00edt\u00e1saKoncepci\u00f3tervHelysz\u00edni tan\u00e1csad\u00e1s \u00e9s konzult\u00e1ci\u00f3Helysz\u00edni konzult\u00e1ci\u00f3 ingatlan elad\u00e1s el\u0151tt<\/p>\n","protected":false},"author":1,"featured_media":0,"parent":0,"menu_order":0,"comment_status":"closed","ping_status":"closed","template":"","meta":{"ngg_post_thumbnail":0},"_links":{"self":[{"href":"https:\/\/illiumdesign.hu\/index.php?rest_route=\/wp\/v2\/pages\/78"}],"collection":[{"href":"https:\/\/illiumdesign.hu\/index.php?rest_route=\/wp\/v2\/pages"}],"about":[{"href":"https:\/\/illiumdesign.hu\/index.php?rest_route=\/wp\/v2\/types\/page"}],"author":[{"embeddable":true,"href":"https:\/\/illiumdesign.hu\/index.php?rest_route=\/wp\/v2\/users\/1"}],"replies":[{"embeddable":true,"href":"https:\/\/illiumdesign.hu\/index.php?rest_route=%2Fwp%2Fv2%2Fcomments&post=78"}],"version-history":[{"count":6,"href":"https:\/\/illiumdesign.hu\/index.php?rest_route=\/wp\/v2\/pages\/78\/revisions"}],"predecessor-version":[{"id":672,"href":"https:\/\/illiumdesign.hu\/index.php?rest_route=\/wp\/v2\/pages\/78\/revisions\/672"}],"wp:attachment":[{"href":"https:\/\/illiumdesign.hu\/index.php?rest_route=%2Fwp%2Fv2%2Fmedia&parent=78"}],"curies":[{"name":"wp","href":"https:\/\/api.w.org\/{rel}","templated":true}]}}