{"id":76,"date":"2021-08-17T10:07:01","date_gmt":"2021-08-17T08:07:01","guid":{"rendered":"http:\/\/www.illiumdesign.hu\/wp\/?page_id=76"},"modified":"2021-10-13T20:56:52","modified_gmt":"2021-10-13T18:56:52","slug":"rolunk","status":"publish","type":"page","link":"https:\/\/illiumdesign.hu\/?page_id=76","title":{"rendered":"R\u00f3lunk"},"content":{"rendered":"\n<p>A bels\u0151\u00e9p\u00edt\u00e9szet keret\u00e9n bel\u00fcl komplett tervez\u00e9si \u00e9s kivitelez\u00e9si szolg\u00e1ltat\u00e1st ny\u00fajtunk. A helysz\u00edni lakberendez\u00e9si tan\u00e1csad\u00e1st\u00f3l a komplett bels\u0151\u00e9p\u00edt\u00e9szeti tervdokument\u00e1ci\u00f3 elk\u00e9sz\u00edt\u00e9s\u00e9ig \u00e1llunk \u00fcgyfeleink rendelkez\u00e9s\u00e9re. A kivitelez\u00e9si szakaszban j\u00f3l k\u00e9pzett \u00e9s \u00f6sszeszokott kivitelez\u0151 g\u00e1rd\u00e1nk szakembereivel, saj\u00e1t m\u0171vezet\u00e9ssel dolgozunk. Az elk\u00e9pzelt lak\u00e1s\u00e1nak, \u00fczlet\u00e9nek, irod\u00e1j\u00e1nak \u201csorsa\u201d \u00edgy az els\u0151 megh\u00fazott vonalt\u00f3l, a kulcs \u00e1tad\u00e1s\u00e1ig egy k\u00e9zben \u00f6sszpontosul, ezzel garant\u00e1lva, hogy a pap\u00edrra vetett elk\u00e9pzel\u00e9s teljes eg\u00e9sz\u00e9ben magas min\u0151s\u00e9gben megval\u00f3suljon.&nbsp;&nbsp;<\/p>\n\n\n\n<figure class=\"wp-block-image size-large\"><img loading=\"lazy\" width=\"1024\" height=\"718\" src=\"http:\/\/www.illiumdesign.hu\/wp\/wp-content\/uploads\/2021\/10\/konyha-m-masolat-1024x718.jpg\" alt=\"\" class=\"wp-image-641\" srcset=\"https:\/\/www.illiumdesign.hu\/wp-content\/uploads\/2021\/10\/konyha-m-masolat-1024x718.jpg 1024w, https:\/\/www.illiumdesign.hu\/wp-content\/uploads\/2021\/10\/konyha-m-masolat-300x210.jpg 300w, https:\/\/www.illiumdesign.hu\/wp-content\/uploads\/2021\/10\/konyha-m-masolat-768x539.jpg 768w, https:\/\/www.illiumdesign.hu\/wp-content\/uploads\/2021\/10\/konyha-m-masolat.jpg 1297w\" sizes=\"(max-width: 1024px) 100vw, 1024px\" \/><\/figure>\n","protected":false},"excerpt":{"rendered":"<p>A bels\u0151\u00e9p\u00edt\u00e9szet keret\u00e9n bel\u00fcl komplett tervez\u00e9si \u00e9s kivitelez\u00e9si szolg\u00e1ltat\u00e1st ny\u00fajtunk. A helysz\u00edni lakberendez\u00e9si tan\u00e1csad\u00e1st\u00f3l a komplett bels\u0151\u00e9p\u00edt\u00e9szeti tervdokument\u00e1ci\u00f3 elk\u00e9sz\u00edt\u00e9s\u00e9ig \u00e1llunk \u00fcgyfeleink rendelkez\u00e9s\u00e9re. A kivitelez\u00e9si szakaszban [&hellip;]<\/p>\n","protected":false},"author":1,"featured_media":0,"parent":0,"menu_order":0,"comment_status":"closed","ping_status":"closed","template":"","meta":{"ngg_post_thumbnail":0},"_links":{"self":[{"href":"https:\/\/illiumdesign.hu\/index.php?rest_route=\/wp\/v2\/pages\/76"}],"collection":[{"href":"https:\/\/illiumdesign.hu\/index.php?rest_route=\/wp\/v2\/pages"}],"about":[{"href":"https:\/\/illiumdesign.hu\/index.php?rest_route=\/wp\/v2\/types\/page"}],"author":[{"embeddable":true,"href":"https:\/\/illiumdesign.hu\/index.php?rest_route=\/wp\/v2\/users\/1"}],"replies":[{"embeddable":true,"href":"https:\/\/illiumdesign.hu\/index.php?rest_route=%2Fwp%2Fv2%2Fcomments&post=76"}],"version-history":[{"count":4,"href":"https:\/\/illiumdesign.hu\/index.php?rest_route=\/wp\/v2\/pages\/76\/revisions"}],"predecessor-version":[{"id":642,"href":"https:\/\/illiumdesign.hu\/index.php?rest_route=\/wp\/v2\/pages\/76\/revisions\/642"}],"wp:attachment":[{"href":"https:\/\/illiumdesign.hu\/index.php?rest_route=%2Fwp%2Fv2%2Fmedia&parent=76"}],"curies":[{"name":"wp","href":"https:\/\/api.w.org\/{rel}","templated":true}]}}